{"id":4029,"date":"2026-03-12T08:31:08","date_gmt":"2026-03-12T07:31:08","guid":{"rendered":"https:\/\/rk-tec.de\/terms-and-conditions-of-sale\/"},"modified":"2026-04-13T13:08:44","modified_gmt":"2026-04-13T11:08:44","slug":"terms-and-conditions-of-sale","status":"publish","type":"page","link":"https:\/\/rk-tec.de\/en\/terms-and-conditions-of-sale\/","title":{"rendered":"Terms and Conditions of Sale"},"content":{"rendered":"\t\t<div data-elementor-type=\"wp-page\" data-elementor-id=\"4029\" class=\"elementor elementor-4029 elementor-2412\" data-elementor-post-type=\"page\">\n\t\t\t\t<div class=\"elementor-element elementor-element-eda2a3e e-flex e-con-boxed e-con e-parent\" data-id=\"eda2a3e\" data-element_type=\"container\" data-e-type=\"container\">\n\t\t\t\t\t<div class=\"e-con-inner\">\n\t\t\t\t<div class=\"elementor-element elementor-element-8c6f757 elementor-widget elementor-widget-heading\" data-id=\"8c6f757\" data-element_type=\"widget\" data-e-type=\"widget\" data-widget_type=\"heading.default\">\n\t\t\t\t\t<h1 class=\"elementor-heading-title elementor-size-default\">General Terms and Conditions of Sale of RK Technology GmbH (GTC)<\/h1>\t\t\t\t<\/div>\n\t\t\t\t<div class=\"elementor-element elementor-element-ddd407f elementor-widget elementor-widget-text-editor\" data-id=\"ddd407f\" data-element_type=\"widget\" data-e-type=\"widget\" data-widget_type=\"text-editor.default\">\n\t\t\t\t\t\t\t\t\t<p><strong>I. General Provisions <\/strong><\/p><ol><li>All deliveries and services are based on these terms and conditions, as well as any separate contractual agreements. Deviating purchasing conditions of the customer shall not become part of the contract, even upon acceptance of the order.  <\/li><li>In the absence of a special agreement, a contract is concluded upon the supplier&#8217;s order confirmation. <\/li><li>The supplier reserves ownership and copyrights to samples, illustrations, drawings, calculations, and similar information of a tangible and intangible nature\u2014including in electronic form; they may not be made accessible to third parties. The supplier undertakes to make information and documents designated as confidential by the customer accessible to third parties only with the customer&#8217;s consent. <\/li><\/ol><p><strong>II. Scope of Delivery <\/strong><\/p><p>Our written order confirmation is decisive for the scope of delivery. Any modifications must be confirmed by us in writing. <\/p><p><strong>II<\/strong><strong>I. Prices and Payment Terms<\/strong> <\/p><ol><li>Unless otherwise agreed in writing, our prices are ex works, excluding packaging. Costs for packaging will be invoiced separately by us. <\/li><li>Value-added tax at the respective statutory rate shall be added to the prices. It will be shown separately in our invoice on the date of invoicing. <\/li><li>The deduction of a cash discount is only permitted if agreed with us in writing.<\/li><li>Unless otherwise stated in the order confirmation or the invoice, the purchase price is due for payment net (without deduction) within 14 days of the invoice date.<\/li><li>The customer shall only have the right to withhold payments to the extent that their counterclaims are undisputed or have been legally established. <\/li><li>The customer&#8217;s right to offset counterclaims from other legal relationships shall only apply to the extent that they are undisputed or have been legally established.<\/li><li>If the customer is in default of payment, we are entitled to demand default interest at a rate of 8% above the base interest rate. We reserve the right to claim higher damages caused by default. <\/li><\/ol><p><strong>III. Delivery Time, Delay in Delivery<\/strong><\/p><ol><li>The commencement of the delivery period specified by us presupposes the clarification of all technical questions, as well as the timely and proper fulfillment of the customer&#8217;s obligations.<\/li><li>In the event of unforeseen obstacles beyond our control which we could not avert despite the care reasonable under the circumstances\u2014regardless of whether they occur at our plant or at a sub-supplier\u2014for example, delays in the delivery of essential raw materials\u2014we are entitled to withdraw from the delivery contract in whole or in part or to extend the delivery period appropriately at our discretion. We have the same rights in the event of strikes or lockouts at our plant or at our sub-suppliers. We will notify our customers of such circumstances without delay.  <\/li><\/ol><p><strong>IV. Transfer of Risk<\/strong><\/p><ol><li>Unless otherwise stated in the order confirmation, delivery is agreed &#8220;ex works&#8221;.<\/li><li>The risk passes to the customer when the delivery item has left the factory, even if partial deliveries are made or the supplier has assumed other services, e.g., shipping costs or delivery and installation. Insofar as an acceptance procedure is required, this is decisive for the transfer of risk. It must be carried out immediately on the acceptance date, or alternatively after the supplier&#8217;s notification of readiness for acceptance. The customer may not refuse acceptance in the event of a non-material defect.    <\/li><li>At the request of the customer, the shipment will be insured by the supplier at the customer&#8217;s expense against theft, breakage, transport, fire, and water damage, as well as other insurable risks.<\/li><li>From our European and non-European manufacturing partners, we deliver DAP in accordance with Incoterms 2020, as per the written order confirmation. <\/li><\/ol><p><strong>V. Default of Acceptance by the Customer <\/strong><\/p><ol><li>If the customer is in default of acceptance or violates other duties of cooperation, we are entitled to demand compensation for the damage incurred by us, including any additional expenses.<\/li><li>In the event of default of acceptance, the risk of accidental loss or accidental deterioration of the contractual object\/purchased item passes to the customer at the point in time at which the customer falls into default of acceptance.<\/li><\/ol><p><strong>VII. Retention of Title<\/strong><\/p><ol><li>The supplier retains ownership of the delivery item until all payments\u2014including for any additionally owed ancillary services\u2014from the delivery contract have been received. <\/li><li>The supplier is entitled to insure the delivery item at the customer&#8217;s expense against theft, breakage, fire, water, and other damage, unless the customer has demonstrably taken out the insurance themselves. <\/li><li>In the event of conduct by the customer in breach of contract, in particular default of payment, the supplier is entitled to take back the delivery item after issuing a reminder, and the customer is obliged to surrender it. <\/li><li>The customer may neither sell, pledge, nor transfer the delivery item as security. In the event of seizures, confiscations, or other dispositions by third parties, the customer must notify the supplier immediately. <\/li><\/ol><p><strong>VIII. Warranty for Defects<\/strong><\/p><ol><li>All those parts that turn out to be defective as a result of a circumstance existing prior to the transfer of risk shall be repaired or replaced with defect-free parts at the supplier&#8217;s discretion. Warranty rights of the customer presuppose that the customer has properly fulfilled their inspection and notification obligations owed under \u00a7\u00a7 377, 378 HGB (German Commercial Code). The discovery of such defects must be reported to the supplier in writing without delay. Replaced parts become the property of the supplier.    <\/li><li>After consultation with the supplier, the customer must give the supplier the necessary time and opportunity to carry out all repairs and replacement deliveries deemed necessary by the supplier; otherwise, the supplier is released from liability for the resulting consequences. Only in urgent cases where operational safety is endangered or to prevent disproportionately large damage, in which case the supplier must be notified immediately, does the customer have the right to remedy the defect themselves or through third parties and to demand reimbursement of the necessary expenses from the supplier.  <\/li><li>Insofar as the complaint proves to be justified, the supplier shall bear the direct costs of the repair or replacement delivery, including shipping. Furthermore, the supplier shall bear any necessary installation and removal costs, provided this was part of the original service, as well as the costs of any necessary provision of the required labor, including travel costs, provided that this does not result in a disproportionate burden on the supplier.  <\/li><li>Within the framework of statutory regulations, the customer has a right to withdraw from the contract if the supplier\u2014taking into account the statutory exceptions\u2014allows a reasonable deadline set for the repair or replacement delivery due to a material defect to expire fruitlessly. If there is only an insignificant defect, the customer is only entitled to a reduction of the contract price. The right to reduce the contract price is otherwise excluded.   <\/li><li>Further claims are determined exclusively according to Section IX. 2. of these terms and conditions. <\/li><li>In particular, no liability is assumed in the following cases: unsuitable or improper use, incorrect assembly or commissioning by the customer or third parties, natural wear and tear, incorrect or negligent treatment, improper maintenance, unsuitable operating materials, defective construction work, unsuitable building ground, chemical, electrochemical, or electrical influences\u2014unless the supplier is responsible for them. <\/li><li>If the customer or a third party carries out improper repairs, the supplier shall not be liable for the resulting consequences. The same applies to changes made to the delivery item without the prior consent of the supplier. <\/li><\/ol><p><strong>IX. Liability of the Supplier, Exclusion of Liability<\/strong><\/p><ol><li>If the delivery item cannot be used by the customer in accordance with the contract as a result of culpably omitted or incorrect suggestions or advice provided by the supplier before or after the conclusion of the contract, or through the culpable violation of other contractual ancillary obligations\u2014in particular instructions for the operation and maintenance of the delivery item\u2014the provisions of Sections VIII and IX. 2. shall apply to the exclusion of further claims by the customer. <\/li><li>For damage that has not occurred to the delivery item itself, the supplier is liable\u2014on whatever legal grounds\u2014only <\/li><li>in the event of intent, <\/li><li>in the event of gross negligence on the part of the owner \/ the executive bodies or senior employees, <\/li><li>in the event of culpable injury to life, body, or health, <\/li><li>in the event of defects that they have fraudulently concealed, <\/li><li>within the scope of a guarantee promise, <\/li><li>in the event of defects in the delivery item, insofar as liability exists under the Product Liability Act for personal injury or property damage to privately used objects. <\/li><li>In the event of a culpable breach of essential contractual obligations, the supplier is also liable for gross negligence on the part of non-executive employees and for slight negligence, in the latter case limited to the contract-typical, reasonably foreseeable damage. Further claims are excluded. <\/li><\/ol><p><strong>X. Limitation Period <\/strong><\/p><p>All claims of the customer\u2014on whatever legal grounds\u2014shall expire in 12 months. For claims for damages according to Section IX. 2 a-d and f, the statutory periods apply. They also apply to defects in a building or for delivery items that have been used for a building in accordance with their usual manner of use and have caused its defectiveness.   <\/p><p><strong>XI. Applicable Law, Place of Jurisdiction <\/strong><\/p><ol><li>For all legal relationships between the supplier and the customer, the law of the Federal Republic of Germany governing the legal relationships between domestic parties shall apply exclusively. <\/li><li>The place of jurisdiction is the court responsible for the supplier&#8217;s registered office. However, the supplier is entitled to bring an action at the customer&#8217;s headquarters. <\/li><li>The provisions of the UN Convention on Contracts for the International Sale of Goods (CISG) shall not apply.<\/li><\/ol>\t\t\t\t\t\t\t\t<\/div>\n\t\t\t\t\t<\/div>\n\t\t\t\t<\/div>\n\t\t<div class=\"elementor-element elementor-element-8b9c570 e-con-full e-flex e-con e-parent\" data-id=\"8b9c570\" data-element_type=\"container\" data-e-type=\"container\">\n\t\t\t\t<div class=\"elementor-element elementor-element-10902ae elementor-widget elementor-widget-wpo-sailo_title\" data-id=\"10902ae\" data-element_type=\"widget\" data-e-type=\"widget\" data-widget_type=\"wpo-sailo_title.default\">\n\t\t\t\t<div class=\"elementor-widget-container\">\n\t\t\t\t\t\n\t\t\t\t\t<div class=\"wpo-section-wrap\">\n\t\t\t\t<div class=\"container\">\n\t\t\t\t\t<div class=\"sailo-section-title wpo-section-title\">\n\t\t\t\t\t\t<h3>Our Team<\/h3>\t\t\t\t\t<\/div>\n\t\t\t\t<\/div>\n\t\t\t<\/div>\n\t\t\t\t\t\t<\/div>\n\t\t\t\t<\/div>\n\t\t\t\t<\/div>\n\t\t<div class=\"elementor-element elementor-element-f0ac1a4 e-con-full e-flex e-con e-parent\" data-id=\"f0ac1a4\" data-element_type=\"container\" data-e-type=\"container\">\n\t\t\t\t<div class=\"elementor-element elementor-element-631437b elementor-widget elementor-widget-wpo-sailo_teams\" data-id=\"631437b\" data-element_type=\"widget\" data-e-type=\"widget\" data-widget_type=\"wpo-sailo_teams.default\">\n\t\t\t\t<div class=\"elementor-widget-container\">\n\t\t\t\t\t\r\n\r\n\t\t<div class=\"wpo-team-section section-padding\">\r\n\t\t\t<div class=\"container\">\r\n\t\t\t\t<div class=\"row\">\r\n\t\t\t\t\t\r\n\t\t\t\t\t\t\t<div class=\"col-lg-3 col-md-6 col-12\">\r\n\t\t\t\t\t\t\t\t<div class=\"team-card\">\r\n\t\t\t\t\t\t\t\t\t<div class=\"image\">\r\n\t\t\t\t\t\t\t\t\t\t<img decoding=\"async\" data-src=\"https:\/\/rk-tec.de\/wp-content\/uploads\/2024\/05\/Teambild-Michael-CEO-bearbeitet-passend.jpg\" alt=\"Bild: Das Bild zeigt Firmengr\u00fcnder Michael Roszyk. Michael ist ein Mann ca. Mitte f\u00fcnfzig, mit Brille, Bart, grauen Haaren und einem freundlich l\u00e4chelnden Gesicht.\" src=\"data:image\/svg+xml;base64,PHN2ZyB3aWR0aD0iMSIgaGVpZ2h0PSIxIiB4bWxucz0iaHR0cDovL3d3dy53My5vcmcvMjAwMC9zdmciPjwvc3ZnPg==\" class=\"lazyload\" style=\"--smush-placeholder-width: 310px; --smush-placeholder-aspect-ratio: 310\/420;\">\t\t\t\t\t\t\t\t\t<\/div>\r\n\t\t\t\t\t\t\t\t\t<div class=\"content\">\r\n\t\t\t\t\t\t\t\t\t\t<h3><a href=\"https:\/\/rk-tec.de\/en\/team\/albert-flores\/\">Michael Roszyk<\/a><\/h3>\r\n\t\t\t\t\t\t\t\t\t\t<span>Gesch\u00e4ftsf\u00fchrer \/ CEO<\/span>\t\t\t\t\t\t\t\t\t<\/div>\r\n\t\t\t\t\t\t\t\t<\/div>\r\n\t\t\t\t\t\t\t<\/div>\r\n\t\t\t\t\t\r\n\t\t\t\t\t\t\t<div class=\"col-lg-3 col-md-6 col-12\">\r\n\t\t\t\t\t\t\t\t<div class=\"team-card\">\r\n\t\t\t\t\t\t\t\t\t<div class=\"image\">\r\n\t\t\t\t\t\t\t\t\t\t<img decoding=\"async\" data-src=\"https:\/\/rk-tec.de\/wp-content\/uploads\/2024\/05\/Teambild-Julian-bearbeitet-passend.jpg\" alt=\"Bild: Das Bild zeigt Projektleiter Julian Schaufler. Julian ist ein junger Mann mit braunen Haaren, braunen Augen und einem dunklen Bart, im Polohemd, der auf dem Bild freundlich l\u00e4chelt.\" src=\"data:image\/svg+xml;base64,PHN2ZyB3aWR0aD0iMSIgaGVpZ2h0PSIxIiB4bWxucz0iaHR0cDovL3d3dy53My5vcmcvMjAwMC9zdmciPjwvc3ZnPg==\" class=\"lazyload\" style=\"--smush-placeholder-width: 310px; --smush-placeholder-aspect-ratio: 310\/420;\">\t\t\t\t\t\t\t\t\t<\/div>\r\n\t\t\t\t\t\t\t\t\t<div class=\"content\">\r\n\t\t\t\t\t\t\t\t\t\t<h3><a href=\"https:\/\/rk-tec.de\/en\/team\/guy-hawkins\/\">Julian Schaufler<\/a><\/h3>\r\n\t\t\t\t\t\t\t\t\t\t<span>Projektleitung \/ Project Lead<\/span>\t\t\t\t\t\t\t\t\t<\/div>\r\n\t\t\t\t\t\t\t\t<\/div>\r\n\t\t\t\t\t\t\t<\/div>\r\n\t\t\t\t\t\r\n\t\t\t\t\t\t\t<div class=\"col-lg-3 col-md-6 col-12\">\r\n\t\t\t\t\t\t\t\t<div class=\"team-card\">\r\n\t\t\t\t\t\t\t\t\t<div class=\"image\">\r\n\t\t\t\t\t\t\t\t\t\t<img decoding=\"async\" data-src=\"https:\/\/rk-tec.de\/wp-content\/uploads\/2024\/05\/Teambild-Andrea-neu.jpg\" alt=\"\" src=\"data:image\/svg+xml;base64,PHN2ZyB3aWR0aD0iMSIgaGVpZ2h0PSIxIiB4bWxucz0iaHR0cDovL3d3dy53My5vcmcvMjAwMC9zdmciPjwvc3ZnPg==\" class=\"lazyload\" style=\"--smush-placeholder-width: 310px; --smush-placeholder-aspect-ratio: 310\/420;\">\t\t\t\t\t\t\t\t\t<\/div>\r\n\t\t\t\t\t\t\t\t\t<div class=\"content\">\r\n\t\t\t\t\t\t\t\t\t\t<h3><a href=\"https:\/\/rk-tec.de\/en\/team\/andrea-roszyk\/\">Andrea Roszyk<\/a><\/h3>\r\n\t\t\t\t\t\t\t\t\t\t<span>Backoffice<\/span>\t\t\t\t\t\t\t\t\t<\/div>\r\n\t\t\t\t\t\t\t\t<\/div>\r\n\t\t\t\t\t\t\t<\/div>\r\n\t\t\t\t\t\r\n\t\t\t\t\t\t\t<div class=\"col-lg-3 col-md-6 col-12\">\r\n\t\t\t\t\t\t\t\t<div class=\"team-card\">\r\n\t\t\t\t\t\t\t\t\t<div class=\"image\">\r\n\t\t\t\t\t\t\t\t\t\t<img decoding=\"async\" data-src=\"https:\/\/rk-tec.de\/wp-content\/uploads\/2024\/05\/Teambild-Vanessa-bearbeitet-passend.jpg\" alt=\"Bild: Das Bild zeigt Marketing-Managerin Vanessa Probst. Sie ist eine junge Frau mit langen, roten Haaren und tr\u00e4gt ein wei\u00dfes Hemd.\" src=\"data:image\/svg+xml;base64,PHN2ZyB3aWR0aD0iMSIgaGVpZ2h0PSIxIiB4bWxucz0iaHR0cDovL3d3dy53My5vcmcvMjAwMC9zdmciPjwvc3ZnPg==\" class=\"lazyload\" style=\"--smush-placeholder-width: 310px; --smush-placeholder-aspect-ratio: 310\/420;\">\t\t\t\t\t\t\t\t\t<\/div>\r\n\t\t\t\t\t\t\t\t\t<div class=\"content\">\r\n\t\t\t\t\t\t\t\t\t\t<h3><a href=\"https:\/\/rk-tec.de\/en\/team\/robert-fox\/\">Vanessa Probst<\/a><\/h3>\r\n\t\t\t\t\t\t\t\t\t\t<span>Marketing &amp; Communication<\/span>\t\t\t\t\t\t\t\t\t<\/div>\r\n\t\t\t\t\t\t\t\t<\/div>\r\n\t\t\t\t\t\t\t<\/div>\r\n\t\t\t\t\t\t\t\t\t<\/div>\r\n\t\t\t<\/div>\r\n\t\t<\/div>\r\n\r\n\t\t\t\t<\/div>\n\t\t\t\t<\/div>\n\t\t\t\t<\/div>\n\t\t<div class=\"elementor-element elementor-element-c47dfb0 e-con-full e-flex e-con e-parent\" data-id=\"c47dfb0\" data-element_type=\"container\" data-e-type=\"container\" data-settings=\"{&quot;background_background&quot;:&quot;classic&quot;}\">\n\t\t\t\t<div class=\"elementor-element elementor-element-23ec046 elementor-widget elementor-widget-wpo-sailo_title\" data-id=\"23ec046\" data-element_type=\"widget\" data-e-type=\"widget\" data-widget_type=\"wpo-sailo_title.default\">\n\t\t\t\t<div class=\"elementor-widget-container\">\n\t\t\t\t\t\n\t\t\t\t\t<div class=\"wpo-section-wrap\">\n\t\t\t\t<div class=\"container\">\n\t\t\t\t\t<div class=\"sailo-section-title wpo-section-title\">\n\t\t\t\t\t\t<h3>News<\/h3>\t\t\t\t\t<\/div>\n\t\t\t\t<\/div>\n\t\t\t<\/div>\n\t\t\t\t\t\t<\/div>\n\t\t\t\t<\/div>\n\t\t\t\t<\/div>\n\t\t<div class=\"elementor-element elementor-element-4d3019b e-con-full e-flex e-con e-parent\" data-id=\"4d3019b\" data-element_type=\"container\" data-e-type=\"container\" data-settings=\"{&quot;background_background&quot;:&quot;classic&quot;}\">\n\t\t\t\t<div class=\"elementor-element elementor-element-5d4db5b elementor-widget elementor-widget-wpo-sailo_blog\" data-id=\"5d4db5b\" data-element_type=\"widget\" data-e-type=\"widget\" data-widget_type=\"wpo-sailo_blog.default\">\n\t\t\t\t<div class=\"elementor-widget-container\">\n\t\t\t\t\t\n\t\t<div class=\"wpo-blog-section\">\n\t\t\t<div class=\"container\">\n\t\t\t\t<div class=\"row\">\n\t\t\t\t\t\t\t\t\t\t\t\t<div class=\"col-lg-4 col-md-6 col-12\">\n\t\t\t\t\t\t\t\t<div class=\"blog-card\">\n\t\t\t\t\t\t\t\t\t<div class=\"image\">\n\t\t\t\t\t\t\t\t\t\t\t\t\t\t\t\t\t\t\t\t\t<img decoding=\"async\" data-src=\"https:\/\/rk-tec.de\/wp-content\/uploads\/2023\/09\/IMG_20221013_134249.jpg\" alt=\"Das Bild zeigt einen mehrteiligen Konstrukionsrahmen aus Edelstahl, der unsere hochqualitative Schwei\u00dfteilbearbeitung auch bei komplexen Baugruppen unter Beweis stellt.\" src=\"data:image\/svg+xml;base64,PHN2ZyB3aWR0aD0iMSIgaGVpZ2h0PSIxIiB4bWxucz0iaHR0cDovL3d3dy53My5vcmcvMjAwMC9zdmciPjwvc3ZnPg==\" class=\"lazyload\" style=\"--smush-placeholder-width: 1024px; --smush-placeholder-aspect-ratio: 1024\/472;\">\n\t\t\t\t\t\t\t\t\t\t\t\t\t\t\t\t\t\t\t<\/div>\n\t\t\t\t\t\t\t\t\t<div class=\"content\">\n\t\t\t\t\t\t\t\t\t\t<ul>\n\t\t\t\t\t\t\t\t\t\t\t\t\t\t\t\t\t\t\t\t\t\t\t<li>26 Sep 2023<\/li>\n\t\t\t\t\t\t\t\t\t\t\t\t\t\t\t\t\t\t\t\t\t\t\t\t\t\t\t\t\t\t\t\t\t\t<li>By: RK Technology Redaktion<\/li>\n\t\t\t\t\t\t\t\t\t\t\t\t\t\t\t\t\t\t\t\t\t<\/ul>\n\t\t\t\t\t\t\t\t\t\t<h2>\n\t\t\t\t\t\t\t\t\t\t\t<a href=\"https:\/\/rk-tec.de\/en\/new-partner-in-slovakia\/\">\n\t\t\t\t\t\t\t\t\t\t\t\tNew partner in Slovakia\t\t\t\t\t\t\t\t\t\t\t<\/a>\n\t\t\t\t\t\t\t\t\t\t<\/h2>\n\t\t\t\t\t\t\t\t\t\t<p>After COVID, RK Technology decided to add a second partner in Slovakia to its existing network.<\/p>\n\t\t\t\t\t\t\t\t\t\t<a href=\"https:\/\/rk-tec.de\/en\/new-partner-in-slovakia\/\" class=\"more\">Read More <i class=\"ti-arrow-right\"><\/i><\/a>\n\t\t\t\t\t\t\t\t\t<\/div>\n\t\t\t\t\t\t\t\t<\/div>\n\t\t\t\t\t\t\t<\/div>\n\t\t\t\t\t\t\t\t\t\t\t\t\t<div class=\"col-lg-4 col-md-6 col-12\">\n\t\t\t\t\t\t\t\t<div class=\"blog-card\">\n\t\t\t\t\t\t\t\t\t<div class=\"image\">\n\t\t\t\t\t\t\t\t\t\t\t\t\t\t\t\t\t\t\t\t\t<img decoding=\"async\" data-src=\"https:\/\/rk-tec.de\/wp-content\/uploads\/2026\/03\/20240617_101240.jpg\" alt=\"Schlie\u00dfmaschine im Sondermaschinenbau w\u00e4hrend der Fertigung, die gerade in einer unserer Hallen gefertigt wird.\" src=\"data:image\/svg+xml;base64,PHN2ZyB3aWR0aD0iMSIgaGVpZ2h0PSIxIiB4bWxucz0iaHR0cDovL3d3dy53My5vcmcvMjAwMC9zdmciPjwvc3ZnPg==\" class=\"lazyload\" style=\"--smush-placeholder-width: 1024px; --smush-placeholder-aspect-ratio: 1024\/687;\">\n\t\t\t\t\t\t\t\t\t\t\t\t\t\t\t\t\t\t\t<\/div>\n\t\t\t\t\t\t\t\t\t<div class=\"content\">\n\t\t\t\t\t\t\t\t\t\t<ul>\n\t\t\t\t\t\t\t\t\t\t\t\t\t\t\t\t\t\t\t\t\t\t\t<li>27 Apr 2024<\/li>\n\t\t\t\t\t\t\t\t\t\t\t\t\t\t\t\t\t\t\t\t\t\t\t\t\t\t\t\t\t\t\t\t\t\t<li>By: RK Technology Redaktion<\/li>\n\t\t\t\t\t\t\t\t\t\t\t\t\t\t\t\t\t\t\t\t\t<\/ul>\n\t\t\t\t\t\t\t\t\t\t<h2>\n\t\t\t\t\t\t\t\t\t\t\t<a href=\"https:\/\/rk-tec.de\/en\/expansion-of-production-capacities\/\">\n\t\t\t\t\t\t\t\t\t\t\t\tExpansion of Production Capacities\t\t\t\t\t\t\t\t\t\t\t<\/a>\n\t\t\t\t\t\t\t\t\t\t<\/h2>\n\t\t\t\t\t\t\t\t\t\t<p>A Czech partner has been strengthening our network since 2024.<\/p>\n\t\t\t\t\t\t\t\t\t\t<a href=\"https:\/\/rk-tec.de\/en\/expansion-of-production-capacities\/\" class=\"more\">Read More <i class=\"ti-arrow-right\"><\/i><\/a>\n\t\t\t\t\t\t\t\t\t<\/div>\n\t\t\t\t\t\t\t\t<\/div>\n\t\t\t\t\t\t\t<\/div>\n\t\t\t\t\t\t\t\t\t\t\t\t\t<div class=\"col-lg-4 col-md-6 col-12\">\n\t\t\t\t\t\t\t\t<div class=\"blog-card\">\n\t\t\t\t\t\t\t\t\t<div class=\"image\">\n\t\t\t\t\t\t\t\t\t\t\t\t\t\t\t\t\t\t\t\t\t<img decoding=\"async\" data-src=\"https:\/\/rk-tec.de\/wp-content\/uploads\/2026\/03\/Ueberblick-Kleinteilfertigung.jpg\" alt=\"\" src=\"data:image\/svg+xml;base64,PHN2ZyB3aWR0aD0iMSIgaGVpZ2h0PSIxIiB4bWxucz0iaHR0cDovL3d3dy53My5vcmcvMjAwMC9zdmciPjwvc3ZnPg==\" class=\"lazyload\" style=\"--smush-placeholder-width: 1600px; --smush-placeholder-aspect-ratio: 1600\/1200;\">\n\t\t\t\t\t\t\t\t\t\t\t\t\t\t\t\t\t\t\t<\/div>\n\t\t\t\t\t\t\t\t\t<div class=\"content\">\n\t\t\t\t\t\t\t\t\t\t<ul>\n\t\t\t\t\t\t\t\t\t\t\t\t\t\t\t\t\t\t\t\t\t\t\t<li>15 Mar 2025<\/li>\n\t\t\t\t\t\t\t\t\t\t\t\t\t\t\t\t\t\t\t\t\t\t\t\t\t\t\t\t\t\t\t\t\t\t<li>By: RK Technology Redaktion<\/li>\n\t\t\t\t\t\t\t\t\t\t\t\t\t\t\t\t\t\t\t\t\t<\/ul>\n\t\t\t\t\t\t\t\t\t\t<h2>\n\t\t\t\t\t\t\t\t\t\t\t<a href=\"https:\/\/rk-tec.de\/en\/cooperation-in-turkey\/\">\n\t\t\t\t\t\t\t\t\t\t\t\tCooperation in Turkey\t\t\t\t\t\t\t\t\t\t\t<\/a>\n\t\t\t\t\t\t\t\t\t\t<\/h2>\n\t\t\t\t\t\t\t\t\t\t<p>RK Technology agrees on closer cooperation in Turkey.<\/p>\n\t\t\t\t\t\t\t\t\t\t<a href=\"https:\/\/rk-tec.de\/en\/cooperation-in-turkey\/\" class=\"more\">Read More <i class=\"ti-arrow-right\"><\/i><\/a>\n\t\t\t\t\t\t\t\t\t<\/div>\n\t\t\t\t\t\t\t\t<\/div>\n\t\t\t\t\t\t\t<\/div>\n\t\t\t\t\t\t\n\t\t\t\t<\/div>\n\t\t\t<\/div>\n\t\t<\/div>\n\t\t\t\t<\/div>\n\t\t\t\t<\/div>\n\t\t\t\t<\/div>\n\t\t<div class=\"elementor-element elementor-element-cd72aff e-flex e-con-boxed e-con e-parent\" data-id=\"cd72aff\" data-element_type=\"container\" data-e-type=\"container\">\n\t\t\t\t\t<div class=\"e-con-inner\">\n\t\t\t\t<div class=\"elementor-element elementor-element-1583929 elementor-widget elementor-widget-html\" data-id=\"1583929\" data-element_type=\"widget\" data-e-type=\"widget\" data-widget_type=\"html.default\">\n\t\t\t\t\t<script>document.addEventListener(\"DOMContentLoaded\", function() { document.querySelectorAll('.service-slider a[href]').forEach(a => {\r\n    a.setAttribute(\"href\", \"https:\/\/rk-tec.de\/leistungen\/\");\r\n}); document.querySelectorAll('.team-card h3 a').forEach(a => {\r\n    a.setAttribute('href', '#');\r\n    a.addEventListener('click', e => e.preventDefault());\r\n}); });<\/script>\t\t\t\t<\/div>\n\t\t\t\t\t<\/div>\n\t\t\t\t<\/div>\n\t\t\t\t<\/div>\n\t\t","protected":false},"excerpt":{"rendered":"General Terms and Conditions of Sale of RK Technology GmbH (GTC) I. General Provisions All deliveries and services are based on these terms and conditions, as well as any separate contractual agreements. Deviating purchasing conditions of the customer shall not become part of the contract, even upon acceptance of the order. In the absence of ","protected":false},"author":4,"featured_media":0,"parent":0,"menu_order":0,"comment_status":"closed","ping_status":"closed","template":"elementor_header_footer","meta":{"inline_featured_image":false,"footnotes":""},"class_list":["post-4029","page","type-page","status-publish","hentry"],"_links":{"self":[{"href":"https:\/\/rk-tec.de\/en\/wp-json\/wp\/v2\/pages\/4029","targetHints":{"allow":["GET"]}}],"collection":[{"href":"https:\/\/rk-tec.de\/en\/wp-json\/wp\/v2\/pages"}],"about":[{"href":"https:\/\/rk-tec.de\/en\/wp-json\/wp\/v2\/types\/page"}],"author":[{"embeddable":true,"href":"https:\/\/rk-tec.de\/en\/wp-json\/wp\/v2\/users\/4"}],"replies":[{"embeddable":true,"href":"https:\/\/rk-tec.de\/en\/wp-json\/wp\/v2\/comments?post=4029"}],"version-history":[{"count":0,"href":"https:\/\/rk-tec.de\/en\/wp-json\/wp\/v2\/pages\/4029\/revisions"}],"wp:attachment":[{"href":"https:\/\/rk-tec.de\/en\/wp-json\/wp\/v2\/media?parent=4029"}],"curies":[{"name":"wp","href":"https:\/\/api.w.org\/{rel}","templated":true}]}}