{"id":4139,"date":"2026-03-09T11:43:23","date_gmt":"2026-03-09T10:43:23","guid":{"rendered":"https:\/\/rk-tec.de\/contact\/"},"modified":"2026-04-15T10:58:52","modified_gmt":"2026-04-15T08:58:52","slug":"contact","status":"publish","type":"page","link":"https:\/\/rk-tec.de\/en\/contact\/","title":{"rendered":"Contact"},"content":{"rendered":"\t\t<div data-elementor-type=\"wp-page\" data-elementor-id=\"4139\" class=\"elementor elementor-4139 elementor-1592\" data-elementor-post-type=\"page\">\n\t\t\t\t<div class=\"elementor-element elementor-element-7d2c455 e-con-full e-flex e-con e-parent\" data-id=\"7d2c455\" data-element_type=\"container\" data-e-type=\"container\" data-settings=\"{&quot;background_background&quot;:&quot;classic&quot;}\">\n\t\t\t\t<div class=\"elementor-element elementor-element-b7b4e32 elementor-widget elementor-widget-wpo-sailo_hero\" data-id=\"b7b4e32\" data-element_type=\"widget\" data-e-type=\"widget\" data-widget_type=\"wpo-sailo_hero.default\">\n\t\t\t\t<div class=\"elementor-widget-container\">\n\t\t\t\t\t\t\t<div class=\"wpo-hero-section\">\n\t\t\t<div class=\"sailo-hero static-hero\">\n\t\t\t\t\t\t\t\t\t<div class=\"wraper\">\n\t\t\t\t\t\t<div class=\"content\">\n\t\t\t\t\t\t\t\t\t\t\t\t\t\t\t<h2>Welcome to RK Technology<\/h2>\n\t\t\t\t\t\t\t\t\t\t\t\t\t\t\t\t\t\t\t\t\t\t<h3>Your Partner for Custom Machinery Manufacturing &amp; Engineering Solutions<\/h3>\n\t\t\t\t\t\t\t\t\t\t\t\t\t\t\t\t\t\t\t\t\t\t<p>With innovation and experience, we manufacture parts, special-purpose machinery, and complete mechanical constructions for globally active companies according to their specifications.<\/p>\t\t\t\t\t\t\t\n\t\t\t\t\t\t\t<div class=\"hero-btn\">\n\t\t\t\t\t\t\t\t<a href=\"#kontakt\"   class=\"btn theme-btn\">Go to Contact Form<\/a>\n\t\t\t\t\t\t\t\t\t\t\t\t\t\t\t<\/div>\n\t\t\t\t\t\t<\/div>\n\t\t\t\t\t<\/div>\n\t\t\t\t\t\t\t\t\t\t\t\t<\/div>\n\t\t\t\t\t<\/div>\n\n\t\t\t\t<\/div>\n\t\t\t\t<\/div>\n\t\t\t\t<\/div>\n\t\t<div class=\"elementor-element elementor-element-57446fe e-con-full e-flex e-con e-parent\" data-id=\"57446fe\" data-element_type=\"container\" data-e-type=\"container\" data-settings=\"{&quot;background_background&quot;:&quot;classic&quot;}\">\n\t\t\t\t<div class=\"elementor-element elementor-element-9a6fb69 elementor-widget elementor-widget-wpo-sailo_funfact\" data-id=\"9a6fb69\" data-element_type=\"widget\" data-e-type=\"widget\" data-widget_type=\"wpo-sailo_funfact.default\">\n\t\t\t\t<div class=\"elementor-widget-container\">\n\t\t\t\t\t\t\t<section class=\"wpo-feature-section\">\n\t\t\t<div class=\"wraper\">\n\t\t\t\t\n\t\t\t\t\t\t<div class=\"item\">\n\t\t\t\t\t\t\t<div class=\"icon\">\n\t\t\t\t\t\t\t\t<i class=\"fi flaticon-placeholder\"><\/i>\t\t\t\t\t\t\t<\/div>\n\t\t\t\t\t\t\t<div class=\"content\">\n\t\t\t\t\t\t\t\t<h3>Address<\/h3><span class=\"sub-title\">Ratzing 1 ; 94353 Haibach<\/span>\n\t\t\t\t\t\t\t<\/div>\n\t\t\t\t\t\t<\/div>\n\t\t\t\t\n\t\t\t\t\t\t<div class=\"item\">\n\t\t\t\t\t\t\t<div class=\"icon\">\n\t\t\t\t\t\t\t\t<i class=\"fi flaticon-phone-call\"><\/i>\t\t\t\t\t\t\t<\/div>\n\t\t\t\t\t\t\t<div class=\"content\">\n\t\t\t\t\t\t\t\t<h3>Phone<\/h3><span class=\"sub-title\">+49 (0) 9965-8424535<\/span>\n\t\t\t\t\t\t\t<\/div>\n\t\t\t\t\t\t<\/div>\n\t\t\t\t\n\t\t\t\t\t\t<div class=\"item\">\n\t\t\t\t\t\t\t<div class=\"icon\">\n\t\t\t\t\t\t\t\t<i class=\"fi flaticon-email\"><\/i>\t\t\t\t\t\t\t<\/div>\n\t\t\t\t\t\t\t<div class=\"content\">\n\t\t\t\t\t\t\t\t<h3>Email<\/h3><span class=\"sub-title\">info@rk-tec.de<\/span>\n\t\t\t\t\t\t\t<\/div>\n\t\t\t\t\t\t<\/div>\n\t\t\t\t\n\t\t\t\t\t\t<div class=\"item\">\n\t\t\t\t\t\t\t<div class=\"icon\">\n\t\t\t\t\t\t\t\t<img decoding=\"async\"  data-src=\"https:\/\/rk-tec.de\/wp-content\/uploads\/2026\/03\/SVG-Web-zusammen-24.svg\" alt=\"\" src=\"data:image\/svg+xml;base64,PHN2ZyB3aWR0aD0iMSIgaGVpZ2h0PSIxIiB4bWxucz0iaHR0cDovL3d3dy53My5vcmcvMjAwMC9zdmciPjwvc3ZnPg==\" class=\"lazyload\">\t\t\t\t\t\t\t<\/div>\n\t\t\t\t\t\t\t<div class=\"content\">\n\t\t\t\t\t\t\t\t<h3>Office Hours<\/h3><span class=\"sub-title\">Mon-Thu 8:00 AM - 5:00 PM, Fri 8:00 AM - 1:00 PM<\/span>\n\t\t\t\t\t\t\t<\/div>\n\t\t\t\t\t\t<\/div>\n\t\t\t\t\t\t\t<\/div>\n\t\t<\/section>\n\t\t\t\t<\/div>\n\t\t\t\t<\/div>\n\t\t\t\t<div class=\"elementor-element elementor-element-fa5024e elementor-widget elementor-widget-google_maps\" data-id=\"fa5024e\" data-element_type=\"widget\" data-e-type=\"widget\" data-widget_type=\"google_maps.default\">\n\t\t\t\t\t\t\t<div class=\"elementor-custom-embed\">\n\t\t\t<iframe\n\t\t\t\t\tdata-src=\"https:\/\/www.google.com\/maps\/embed\/v1\/place?key=AIzaSyANoYAqMWtnpM7E3Wd55DxsNNgbD6DFR7M&#038;q=RK%20Technology%20GmbH%20Ratzing%201%2094353%20Haibach&#038;zoom=10\"\n\t\t\t\t\ttitle=\"RK Technology GmbH Ratzing 1 94353 Haibach\"\n\t\t\t\t\taria-label=\"RK Technology GmbH Ratzing 1 94353 Haibach\"\n\t\t\t src=\"data:image\/svg+xml;base64,PHN2ZyB3aWR0aD0iMSIgaGVpZ2h0PSIxIiB4bWxucz0iaHR0cDovL3d3dy53My5vcmcvMjAwMC9zdmciPjwvc3ZnPg==\" class=\"lazyload\" data-load-mode=\"1\"><\/iframe>\n\t\t<\/div>\n\t\t\t\t\t\t<\/div>\n\t\t\t\t<\/div>\n\t\t<div class=\"elementor-element elementor-element-3853b2f e-flex e-con-boxed e-con e-parent\" data-id=\"3853b2f\" data-element_type=\"container\" data-e-type=\"container\" id=\"kontakt\">\n\t\t\t\t\t<div class=\"e-con-inner\">\n\t\t\t\t<div class=\"elementor-element elementor-element-45bc03b elementor-widget elementor-widget-wpo-sailo_contact_form\" data-id=\"45bc03b\" data-element_type=\"widget\" data-e-type=\"widget\" data-widget_type=\"wpo-sailo_contact_form.default\">\n\t\t\t\t<div class=\"elementor-widget-container\">\n\t\t\t\t\t\t\t<div class=\"wpo-contact-pg-section\">\n\t\t\t\t\t\t\t<div class=\"wpo-contact-title\">\n\t\t\t\t\t<h2>We look forward to hearing from you!<\/h2><p>Please describe your request as precisely as possible here, so we can connect you with the right contact person.<\/p>\t\t\t\t<\/div>\n\t\t\t\t\t\t<div class=\"wpo-contact-form-area\">\n\t\t\t\t\n<div class=\"wpcf7 no-js\" id=\"wpcf7-f1101-o1\" lang=\"de-DE\" dir=\"ltr\" data-wpcf7-id=\"1101\">\n<div class=\"screen-reader-response\"><p role=\"status\" aria-live=\"polite\" aria-atomic=\"true\"><\/p> <ul><\/ul><\/div>\n<form action=\"\/en\/wp-json\/wp\/v2\/pages\/4139#wpcf7-f1101-o1\" method=\"post\" class=\"wpcf7-form init\" aria-label=\"Kontaktformular\" novalidate=\"novalidate\" data-status=\"init\">\n<fieldset class=\"hidden-fields-container\"><input type=\"hidden\" name=\"_wpcf7\" value=\"1101\" \/><input type=\"hidden\" name=\"_wpcf7_version\" value=\"6.1.5\" \/><input type=\"hidden\" name=\"_wpcf7_locale\" value=\"de_DE\" \/><input type=\"hidden\" name=\"_wpcf7_unit_tag\" value=\"wpcf7-f1101-o1\" \/><input type=\"hidden\" name=\"_wpcf7_container_post\" value=\"0\" \/><input type=\"hidden\" name=\"_wpcf7_posted_data_hash\" value=\"\" \/><input type=\"hidden\" name=\"_wpcf7_recaptcha_response\" value=\"\" \/>\n<\/fieldset>\n<div id=\"contact-form-main\">\n\t<div class=\"form-field\">\n\t\t<p><span class=\"wpcf7-form-control-wrap\" data-name=\"your-name\"><input size=\"40\" maxlength=\"400\" class=\"wpcf7-form-control wpcf7-text wpcf7-validates-as-required form-control\" aria-required=\"true\" aria-invalid=\"false\" placeholder=\"Ihr Name\" value=\"\" type=\"text\" name=\"your-name\" \/><\/span>\n\t\t<\/p>\n\t<\/div>\n\t<div class=\"form-field\">\n\t\t<p><span class=\"wpcf7-form-control-wrap\" data-name=\"your-email\"><input size=\"40\" maxlength=\"400\" class=\"wpcf7-form-control wpcf7-email wpcf7-validates-as-required wpcf7-text wpcf7-validates-as-email form-control\" aria-required=\"true\" aria-invalid=\"false\" placeholder=\"E-Mail-Adresse\" value=\"\" type=\"email\" name=\"your-email\" \/><\/span>\n\t\t<\/p>\n\t<\/div>\n\t<div class=\"form-field\">\n\t\t<p><span class=\"wpcf7-form-control-wrap\" data-name=\"your-phone\"><input size=\"40\" maxlength=\"400\" class=\"wpcf7-form-control wpcf7-text wpcf7-validates-as-required form-control\" aria-required=\"true\" aria-invalid=\"false\" placeholder=\"Telefonnummer\" value=\"\" type=\"text\" name=\"your-phone\" \/><\/span>\n\t\t<\/p>\n\t<\/div>\n\t<div class=\"form-field\">\n\t\t<p><span class=\"wpcf7-form-control-wrap\" data-name=\"your-subject\"><input size=\"40\" maxlength=\"400\" class=\"wpcf7-form-control wpcf7-text form-control\" aria-invalid=\"false\" placeholder=\"Betreff\" value=\"\" type=\"text\" name=\"your-subject\" \/><\/span>\n\t\t<\/p>\n\t<\/div>\n\t<div class=\"fullwidth form-field\">\n\t\t<p><span class=\"wpcf7-form-control-wrap\" data-name=\"your-message\"><textarea cols=\"40\" rows=\"10\" maxlength=\"2000\" class=\"wpcf7-form-control wpcf7-textarea wpcf7-validates-as-required form-control\" aria-required=\"true\" aria-invalid=\"false\" placeholder=\"Ihre Nachricht an uns...\" name=\"your-message\"><\/textarea><\/span>\n\t\t<\/p>\n\t<\/div>\n\t<div class=\"consent-area\">\n\t\t<p><span class=\"wpcf7-form-control-wrap\" data-name=\"your-consent\"><span class=\"wpcf7-form-control wpcf7-acceptance\"><span class=\"wpcf7-list-item\"><label><input type=\"checkbox\" name=\"your-consent\" value=\"1\" aria-invalid=\"false\" \/><span class=\"wpcf7-list-item-label\">Ja, ich habe die <a class=\"privacy-link\" href=\"\/datenschutz\" target=\"_blank\" rel=\"noopener\">Datenschutzerkl\u00e4rung<\/a> gelesen und bin damit einverstanden, dass meine angegebenen Daten zur Bearbeitung meiner Anfrage elektronisch erhoben und gespeichert werden.<\/span><\/label><\/span><\/span><\/span>\n\t\t<\/p>\n\t<\/div>\n\t<div class=\"submit-area\">\n\t\t<p><input class=\"wpcf7-form-control wpcf7-submit has-spinner\" type=\"submit\" value=\"Abschicken\" \/>\n\t\t<\/p>\n\t<\/div>\n<\/div><div class=\"wpcf7-response-output\" aria-hidden=\"true\"><\/div>\n<\/form>\n<\/div>\n\t\t\t<\/div>\n\t\t<\/div>\n\t\t\t\t<\/div>\n\t\t\t\t<\/div>\n\t\t\t\t\t<\/div>\n\t\t\t\t<\/div>\n\t\t<div class=\"elementor-element elementor-element-8b9c570 e-con-full e-flex e-con e-parent\" data-id=\"8b9c570\" data-element_type=\"container\" data-e-type=\"container\">\n\t\t\t\t<div class=\"elementor-element elementor-element-10902ae elementor-widget elementor-widget-wpo-sailo_title\" data-id=\"10902ae\" data-element_type=\"widget\" data-e-type=\"widget\" data-widget_type=\"wpo-sailo_title.default\">\n\t\t\t\t<div class=\"elementor-widget-container\">\n\t\t\t\t\t\n\t\t\t\t\t<div class=\"wpo-section-wrap\">\n\t\t\t\t<div class=\"container\">\n\t\t\t\t\t<div class=\"sailo-section-title wpo-section-title\">\n\t\t\t\t\t\t<h3>Our Team<\/h3>\t\t\t\t\t<\/div>\n\t\t\t\t<\/div>\n\t\t\t<\/div>\n\t\t\t\t\t\t<\/div>\n\t\t\t\t<\/div>\n\t\t\t\t<\/div>\n\t\t<div class=\"elementor-element elementor-element-f0ac1a4 e-con-full e-flex e-con e-parent\" data-id=\"f0ac1a4\" data-element_type=\"container\" data-e-type=\"container\" data-settings=\"{&quot;shape_divider_top&quot;:&quot;arrow&quot;}\">\n\t\t\t\t<div class=\"elementor-shape elementor-shape-top\" aria-hidden=\"true\" data-negative=\"false\">\n\t\t\t<svg xmlns=\"http:\/\/www.w3.org\/2000\/svg\" viewBox=\"0 0 700 10\" preserveAspectRatio=\"none\">\n\t<path class=\"elementor-shape-fill\" d=\"M350,10L340,0h20L350,10z\"\/>\n<\/svg>\t\t<\/div>\n\t\t\t\t<div class=\"elementor-element elementor-element-631437b elementor-widget__width-inherit elementor-widget elementor-widget-wpo-sailo_teams\" data-id=\"631437b\" data-element_type=\"widget\" data-e-type=\"widget\" data-widget_type=\"wpo-sailo_teams.default\">\n\t\t\t\t<div class=\"elementor-widget-container\">\n\t\t\t\t\t\r\n\r\n\t\t<div class=\"wpo-team-section section-padding\">\r\n\t\t\t<div class=\"container\">\r\n\t\t\t\t<div class=\"row\">\r\n\t\t\t\t\t\r\n\t\t\t\t\t\t\t<div class=\"col-lg-3 col-md-6 col-12\">\r\n\t\t\t\t\t\t\t\t<div class=\"team-card\">\r\n\t\t\t\t\t\t\t\t\t<div class=\"image\">\r\n\t\t\t\t\t\t\t\t\t\t<img decoding=\"async\" data-src=\"https:\/\/rk-tec.de\/wp-content\/uploads\/2024\/05\/Teambild-Michael-CEO-bearbeitet-passend.jpg\" alt=\"Bild: Das Bild zeigt Firmengr\u00fcnder Michael Roszyk. Michael ist ein Mann ca. Mitte f\u00fcnfzig, mit Brille, Bart, grauen Haaren und einem freundlich l\u00e4chelnden Gesicht.\" src=\"data:image\/svg+xml;base64,PHN2ZyB3aWR0aD0iMSIgaGVpZ2h0PSIxIiB4bWxucz0iaHR0cDovL3d3dy53My5vcmcvMjAwMC9zdmciPjwvc3ZnPg==\" class=\"lazyload\" style=\"--smush-placeholder-width: 310px; --smush-placeholder-aspect-ratio: 310\/420;\">\t\t\t\t\t\t\t\t\t<\/div>\r\n\t\t\t\t\t\t\t\t\t<div class=\"content\">\r\n\t\t\t\t\t\t\t\t\t\t<h3><a href=\"https:\/\/rk-tec.de\/en\/team\/albert-flores\/\">Michael Roszyk<\/a><\/h3>\r\n\t\t\t\t\t\t\t\t\t\t<span>Gesch\u00e4ftsf\u00fchrer \/ CEO<\/span>\t\t\t\t\t\t\t\t\t<\/div>\r\n\t\t\t\t\t\t\t\t<\/div>\r\n\t\t\t\t\t\t\t<\/div>\r\n\t\t\t\t\t\r\n\t\t\t\t\t\t\t<div class=\"col-lg-3 col-md-6 col-12\">\r\n\t\t\t\t\t\t\t\t<div class=\"team-card\">\r\n\t\t\t\t\t\t\t\t\t<div class=\"image\">\r\n\t\t\t\t\t\t\t\t\t\t<img decoding=\"async\" data-src=\"https:\/\/rk-tec.de\/wp-content\/uploads\/2024\/05\/Teambild-Julian-bearbeitet-passend.jpg\" alt=\"Bild: Das Bild zeigt Projektleiter Julian Schaufler. Julian ist ein junger Mann mit braunen Haaren, braunen Augen und einem dunklen Bart, im Polohemd, der auf dem Bild freundlich l\u00e4chelt.\" src=\"data:image\/svg+xml;base64,PHN2ZyB3aWR0aD0iMSIgaGVpZ2h0PSIxIiB4bWxucz0iaHR0cDovL3d3dy53My5vcmcvMjAwMC9zdmciPjwvc3ZnPg==\" class=\"lazyload\" style=\"--smush-placeholder-width: 310px; --smush-placeholder-aspect-ratio: 310\/420;\">\t\t\t\t\t\t\t\t\t<\/div>\r\n\t\t\t\t\t\t\t\t\t<div class=\"content\">\r\n\t\t\t\t\t\t\t\t\t\t<h3><a href=\"https:\/\/rk-tec.de\/en\/team\/guy-hawkins\/\">Julian Schaufler<\/a><\/h3>\r\n\t\t\t\t\t\t\t\t\t\t<span>Projektleitung \/ Project Lead<\/span>\t\t\t\t\t\t\t\t\t<\/div>\r\n\t\t\t\t\t\t\t\t<\/div>\r\n\t\t\t\t\t\t\t<\/div>\r\n\t\t\t\t\t\r\n\t\t\t\t\t\t\t<div class=\"col-lg-3 col-md-6 col-12\">\r\n\t\t\t\t\t\t\t\t<div class=\"team-card\">\r\n\t\t\t\t\t\t\t\t\t<div class=\"image\">\r\n\t\t\t\t\t\t\t\t\t\t<img decoding=\"async\" data-src=\"https:\/\/rk-tec.de\/wp-content\/uploads\/2024\/05\/Teambild-Andrea-neu.jpg\" alt=\"\" src=\"data:image\/svg+xml;base64,PHN2ZyB3aWR0aD0iMSIgaGVpZ2h0PSIxIiB4bWxucz0iaHR0cDovL3d3dy53My5vcmcvMjAwMC9zdmciPjwvc3ZnPg==\" class=\"lazyload\" style=\"--smush-placeholder-width: 310px; --smush-placeholder-aspect-ratio: 310\/420;\">\t\t\t\t\t\t\t\t\t<\/div>\r\n\t\t\t\t\t\t\t\t\t<div class=\"content\">\r\n\t\t\t\t\t\t\t\t\t\t<h3><a href=\"https:\/\/rk-tec.de\/en\/team\/andrea-roszyk\/\">Andrea Roszyk<\/a><\/h3>\r\n\t\t\t\t\t\t\t\t\t\t<span>Backoffice<\/span>\t\t\t\t\t\t\t\t\t<\/div>\r\n\t\t\t\t\t\t\t\t<\/div>\r\n\t\t\t\t\t\t\t<\/div>\r\n\t\t\t\t\t\r\n\t\t\t\t\t\t\t<div class=\"col-lg-3 col-md-6 col-12\">\r\n\t\t\t\t\t\t\t\t<div class=\"team-card\">\r\n\t\t\t\t\t\t\t\t\t<div class=\"image\">\r\n\t\t\t\t\t\t\t\t\t\t<img decoding=\"async\" data-src=\"https:\/\/rk-tec.de\/wp-content\/uploads\/2024\/05\/Teambild-Vanessa-bearbeitet-passend.jpg\" alt=\"Bild: Das Bild zeigt Marketing-Managerin Vanessa Probst. Sie ist eine junge Frau mit langen, roten Haaren und tr\u00e4gt ein wei\u00dfes Hemd.\" src=\"data:image\/svg+xml;base64,PHN2ZyB3aWR0aD0iMSIgaGVpZ2h0PSIxIiB4bWxucz0iaHR0cDovL3d3dy53My5vcmcvMjAwMC9zdmciPjwvc3ZnPg==\" class=\"lazyload\" style=\"--smush-placeholder-width: 310px; --smush-placeholder-aspect-ratio: 310\/420;\">\t\t\t\t\t\t\t\t\t<\/div>\r\n\t\t\t\t\t\t\t\t\t<div class=\"content\">\r\n\t\t\t\t\t\t\t\t\t\t<h3><a href=\"https:\/\/rk-tec.de\/en\/team\/robert-fox\/\">Vanessa Probst<\/a><\/h3>\r\n\t\t\t\t\t\t\t\t\t\t<span>Marketing &amp; Communication<\/span>\t\t\t\t\t\t\t\t\t<\/div>\r\n\t\t\t\t\t\t\t\t<\/div>\r\n\t\t\t\t\t\t\t<\/div>\r\n\t\t\t\t\t\t\t\t\t<\/div>\r\n\t\t\t<\/div>\r\n\t\t<\/div>\r\n\r\n\t\t\t\t<\/div>\n\t\t\t\t<\/div>\n\t\t\t\t<\/div>\n\t\t<div class=\"elementor-element elementor-element-c47dfb0 e-con-full e-flex e-con e-parent\" data-id=\"c47dfb0\" data-element_type=\"container\" data-e-type=\"container\" data-settings=\"{&quot;background_background&quot;:&quot;classic&quot;}\">\n\t\t\t\t<div class=\"elementor-element elementor-element-23ec046 elementor-widget elementor-widget-wpo-sailo_title\" data-id=\"23ec046\" data-element_type=\"widget\" data-e-type=\"widget\" data-widget_type=\"wpo-sailo_title.default\">\n\t\t\t\t<div class=\"elementor-widget-container\">\n\t\t\t\t\t\n\t\t\t\t\t<div class=\"wpo-section-wrap\">\n\t\t\t\t<div class=\"container\">\n\t\t\t\t\t<div class=\"sailo-section-title wpo-section-title\">\n\t\t\t\t\t\t<h3>News<\/h3>\t\t\t\t\t<\/div>\n\t\t\t\t<\/div>\n\t\t\t<\/div>\n\t\t\t\t\t\t<\/div>\n\t\t\t\t<\/div>\n\t\t\t\t<\/div>\n\t\t<div class=\"elementor-element elementor-element-4d3019b e-con-full e-flex e-con e-parent\" data-id=\"4d3019b\" data-element_type=\"container\" data-e-type=\"container\" data-settings=\"{&quot;background_background&quot;:&quot;classic&quot;}\">\n\t\t\t\t<div class=\"elementor-element elementor-element-5d4db5b elementor-widget elementor-widget-wpo-sailo_blog\" data-id=\"5d4db5b\" data-element_type=\"widget\" data-e-type=\"widget\" data-widget_type=\"wpo-sailo_blog.default\">\n\t\t\t\t<div class=\"elementor-widget-container\">\n\t\t\t\t\t\n\t\t<div class=\"wpo-blog-section\">\n\t\t\t<div class=\"container\">\n\t\t\t\t<div class=\"row\">\n\t\t\t\t\t\t\t\t\t\t\t\t<div class=\"col-lg-4 col-md-6 col-12\">\n\t\t\t\t\t\t\t\t<div class=\"blog-card\">\n\t\t\t\t\t\t\t\t\t<div class=\"image\">\n\t\t\t\t\t\t\t\t\t\t\t\t\t\t\t\t\t\t\t\t\t<img decoding=\"async\" data-src=\"https:\/\/rk-tec.de\/wp-content\/uploads\/2023\/09\/IMG_20221013_134249.jpg\" alt=\"Das Bild zeigt einen mehrteiligen Konstrukionsrahmen aus Edelstahl, der unsere hochqualitative Schwei\u00dfteilbearbeitung auch bei komplexen Baugruppen unter Beweis stellt.\" src=\"data:image\/svg+xml;base64,PHN2ZyB3aWR0aD0iMSIgaGVpZ2h0PSIxIiB4bWxucz0iaHR0cDovL3d3dy53My5vcmcvMjAwMC9zdmciPjwvc3ZnPg==\" class=\"lazyload\" style=\"--smush-placeholder-width: 1024px; --smush-placeholder-aspect-ratio: 1024\/472;\">\n\t\t\t\t\t\t\t\t\t\t\t\t\t\t\t\t\t\t\t<\/div>\n\t\t\t\t\t\t\t\t\t<div class=\"content\">\n\t\t\t\t\t\t\t\t\t\t<ul>\n\t\t\t\t\t\t\t\t\t\t\t\t\t\t\t\t\t\t\t\t\t\t\t<li>26 Sep 2023<\/li>\n\t\t\t\t\t\t\t\t\t\t\t\t\t\t\t\t\t\t\t\t\t\t\t\t\t\t\t\t\t\t\t\t\t\t<li>By: RK Technology Redaktion<\/li>\n\t\t\t\t\t\t\t\t\t\t\t\t\t\t\t\t\t\t\t\t\t<\/ul>\n\t\t\t\t\t\t\t\t\t\t<h2>\n\t\t\t\t\t\t\t\t\t\t\t<a href=\"https:\/\/rk-tec.de\/en\/new-partner-in-slovakia\/\">\n\t\t\t\t\t\t\t\t\t\t\t\tNew partner in Slovakia\t\t\t\t\t\t\t\t\t\t\t<\/a>\n\t\t\t\t\t\t\t\t\t\t<\/h2>\n\t\t\t\t\t\t\t\t\t\t<p>After COVID, RK Technology decided to add a second partner in Slovakia to its existing network.<\/p>\n\t\t\t\t\t\t\t\t\t\t<a href=\"https:\/\/rk-tec.de\/en\/new-partner-in-slovakia\/\" class=\"more\">Read more <i class=\"ti-arrow-right\"><\/i><\/a>\n\t\t\t\t\t\t\t\t\t<\/div>\n\t\t\t\t\t\t\t\t<\/div>\n\t\t\t\t\t\t\t<\/div>\n\t\t\t\t\t\t\t\t\t\t\t\t\t<div class=\"col-lg-4 col-md-6 col-12\">\n\t\t\t\t\t\t\t\t<div class=\"blog-card\">\n\t\t\t\t\t\t\t\t\t<div class=\"image\">\n\t\t\t\t\t\t\t\t\t\t\t\t\t\t\t\t\t\t\t\t\t<img decoding=\"async\" data-src=\"https:\/\/rk-tec.de\/wp-content\/uploads\/2026\/03\/20240617_101240.jpg\" alt=\"Schlie\u00dfmaschine im Sondermaschinenbau w\u00e4hrend der Fertigung, die gerade in einer unserer Hallen gefertigt wird.\" src=\"data:image\/svg+xml;base64,PHN2ZyB3aWR0aD0iMSIgaGVpZ2h0PSIxIiB4bWxucz0iaHR0cDovL3d3dy53My5vcmcvMjAwMC9zdmciPjwvc3ZnPg==\" class=\"lazyload\" style=\"--smush-placeholder-width: 1024px; --smush-placeholder-aspect-ratio: 1024\/687;\">\n\t\t\t\t\t\t\t\t\t\t\t\t\t\t\t\t\t\t\t<\/div>\n\t\t\t\t\t\t\t\t\t<div class=\"content\">\n\t\t\t\t\t\t\t\t\t\t<ul>\n\t\t\t\t\t\t\t\t\t\t\t\t\t\t\t\t\t\t\t\t\t\t\t<li>27 Apr 2024<\/li>\n\t\t\t\t\t\t\t\t\t\t\t\t\t\t\t\t\t\t\t\t\t\t\t\t\t\t\t\t\t\t\t\t\t\t<li>By: RK Technology Redaktion<\/li>\n\t\t\t\t\t\t\t\t\t\t\t\t\t\t\t\t\t\t\t\t\t<\/ul>\n\t\t\t\t\t\t\t\t\t\t<h2>\n\t\t\t\t\t\t\t\t\t\t\t<a href=\"https:\/\/rk-tec.de\/en\/expansion-of-production-capacities\/\">\n\t\t\t\t\t\t\t\t\t\t\t\tExpansion of Production Capacities\t\t\t\t\t\t\t\t\t\t\t<\/a>\n\t\t\t\t\t\t\t\t\t\t<\/h2>\n\t\t\t\t\t\t\t\t\t\t<p>A Czech partner has been strengthening our network since 2024.<\/p>\n\t\t\t\t\t\t\t\t\t\t<a href=\"https:\/\/rk-tec.de\/en\/expansion-of-production-capacities\/\" class=\"more\">Read more <i class=\"ti-arrow-right\"><\/i><\/a>\n\t\t\t\t\t\t\t\t\t<\/div>\n\t\t\t\t\t\t\t\t<\/div>\n\t\t\t\t\t\t\t<\/div>\n\t\t\t\t\t\t\t\t\t\t\t\t\t<div class=\"col-lg-4 col-md-6 col-12\">\n\t\t\t\t\t\t\t\t<div class=\"blog-card\">\n\t\t\t\t\t\t\t\t\t<div class=\"image\">\n\t\t\t\t\t\t\t\t\t\t\t\t\t\t\t\t\t\t\t\t\t<img decoding=\"async\" data-src=\"https:\/\/rk-tec.de\/wp-content\/uploads\/2026\/03\/Ueberblick-Kleinteilfertigung.jpg\" alt=\"\" src=\"data:image\/svg+xml;base64,PHN2ZyB3aWR0aD0iMSIgaGVpZ2h0PSIxIiB4bWxucz0iaHR0cDovL3d3dy53My5vcmcvMjAwMC9zdmciPjwvc3ZnPg==\" class=\"lazyload\" style=\"--smush-placeholder-width: 1600px; --smush-placeholder-aspect-ratio: 1600\/1200;\">\n\t\t\t\t\t\t\t\t\t\t\t\t\t\t\t\t\t\t\t<\/div>\n\t\t\t\t\t\t\t\t\t<div class=\"content\">\n\t\t\t\t\t\t\t\t\t\t<ul>\n\t\t\t\t\t\t\t\t\t\t\t\t\t\t\t\t\t\t\t\t\t\t\t<li>15 Mar 2025<\/li>\n\t\t\t\t\t\t\t\t\t\t\t\t\t\t\t\t\t\t\t\t\t\t\t\t\t\t\t\t\t\t\t\t\t\t<li>By: RK Technology Redaktion<\/li>\n\t\t\t\t\t\t\t\t\t\t\t\t\t\t\t\t\t\t\t\t\t<\/ul>\n\t\t\t\t\t\t\t\t\t\t<h2>\n\t\t\t\t\t\t\t\t\t\t\t<a href=\"https:\/\/rk-tec.de\/en\/cooperation-in-turkey\/\">\n\t\t\t\t\t\t\t\t\t\t\t\tCooperation in Turkey\t\t\t\t\t\t\t\t\t\t\t<\/a>\n\t\t\t\t\t\t\t\t\t\t<\/h2>\n\t\t\t\t\t\t\t\t\t\t<p>RK Technology agrees on closer cooperation in Turkey.<\/p>\n\t\t\t\t\t\t\t\t\t\t<a href=\"https:\/\/rk-tec.de\/en\/cooperation-in-turkey\/\" class=\"more\">Read more <i class=\"ti-arrow-right\"><\/i><\/a>\n\t\t\t\t\t\t\t\t\t<\/div>\n\t\t\t\t\t\t\t\t<\/div>\n\t\t\t\t\t\t\t<\/div>\n\t\t\t\t\t\t\n\t\t\t\t<\/div>\n\t\t\t<\/div>\n\t\t<\/div>\n\t\t\t\t<\/div>\n\t\t\t\t<\/div>\n\t\t\t\t<\/div>\n\t\t<div class=\"elementor-element elementor-element-59e322c e-flex e-con-boxed e-con e-parent\" data-id=\"59e322c\" data-element_type=\"container\" data-e-type=\"container\">\n\t\t\t\t\t<div class=\"e-con-inner\">\n\t\t\t\t<div class=\"elementor-element elementor-element-a55d19b elementor-widget elementor-widget-html\" data-id=\"a55d19b\" data-element_type=\"widget\" data-e-type=\"widget\" data-widget_type=\"html.default\">\n\t\t\t\t\t<script>document.addEventListener(\"DOMContentLoaded\", function() { \r\ndocument.querySelectorAll('.team-card h3 a').forEach(a => {\r\n    a.setAttribute('href', '#');\r\n    a.addEventListener('click', e => e.preventDefault());\r\n});\r\n });<\/script>\t\t\t\t<\/div>\n\t\t\t\t\t<\/div>\n\t\t\t\t<\/div>\n\t\t\t\t<\/div>\n\t\t","protected":false},"excerpt":{"rendered":"Welcome to RK Technology Your Partner for Custom Machinery Manufacturing &amp; Engineering Solutions With innovation and experience, we manufacture parts, special-purpose machinery, and complete mechanical constructions for globally active companies according to their specifications. Go to Contact Form Address Ratzing 1 ; 94353 Haibach Phone +49 (0) 9965-8424535 E-Mail-Adresse info@rk-tec.de Office Hours Mon-Thu 8:00 AM ","protected":false},"author":4,"featured_media":0,"parent":0,"menu_order":0,"comment_status":"closed","ping_status":"closed","template":"elementor_header_footer","meta":{"inline_featured_image":false,"footnotes":""},"class_list":["post-4139","page","type-page","status-publish","hentry"],"_links":{"self":[{"href":"https:\/\/rk-tec.de\/en\/wp-json\/wp\/v2\/pages\/4139","targetHints":{"allow":["GET"]}}],"collection":[{"href":"https:\/\/rk-tec.de\/en\/wp-json\/wp\/v2\/pages"}],"about":[{"href":"https:\/\/rk-tec.de\/en\/wp-json\/wp\/v2\/types\/page"}],"author":[{"embeddable":true,"href":"https:\/\/rk-tec.de\/en\/wp-json\/wp\/v2\/users\/4"}],"replies":[{"embeddable":true,"href":"https:\/\/rk-tec.de\/en\/wp-json\/wp\/v2\/comments?post=4139"}],"version-history":[{"count":0,"href":"https:\/\/rk-tec.de\/en\/wp-json\/wp\/v2\/pages\/4139\/revisions"}],"wp:attachment":[{"href":"https:\/\/rk-tec.de\/en\/wp-json\/wp\/v2\/media?parent=4139"}],"curies":[{"name":"wp","href":"https:\/\/api.w.org\/{rel}","templated":true}]}}